{"id":7441,"date":"2018-05-11T11:44:09","date_gmt":"2018-05-11T09:44:09","guid":{"rendered":"https:\/\/my-lab.com\/?page_id=7441"},"modified":"2019-04-25T15:57:34","modified_gmt":"2019-04-25T13:57:34","slug":"erfahrungen-kundenstimmen","status":"publish","type":"page","link":"https:\/\/my-lab.com\/en\/erfahrungen-kundenstimmen\/","title":{"rendered":"Kundenstimmen"},"content":{"rendered":"<p>my-lab International bietet seit Oktober 2016 seine Dienste f\u00fcr gesch\u00e4ftliche, ebenso wie f\u00fcr private Kunden an. Die Kundenzufriedenheit steht bei uns an oberster Stelle.<\/p>\n<p>Auf dieser Seite finden Sie die Bewertungen unserer Kunden:<\/p>\n<div style=\"width: 100%; border: 2px solid; padding: 20px 10px; text-align: left;\">&#8220;Ich habe bei my-lab eine Analyse einer Probe auf Proteingehalt durchf\u00fchren lassen. Das Thema war f\u00fcr mich komplett neu. Umso begeisterter war ich von der freundlichen und sehr hilfsbereiten Unterst\u00fctzung, die ich durch Frau Dust erfahren habe. Frau Dust hat mir damit enorm weiter geholfen. Die Durchf\u00fchrung durch my-lab erfolgte absolut unkompliziert und zuverl\u00e4ssig. Sehr gerne werde ich auch in Zukunft wieder mit my-lab zusammen arbeiten.&#8221;<\/div>\n<p style=\"text-align: right;\"><span style=\"text-align: right;\">&#8211;\u00a0anonyme Privatperson<\/span><\/p>\n<div style=\"width: 100%; border: 2px solid; padding: 20px 10px; text-align: left;\"><em>&#8220;Sehr kurzfristig habe ich mich zu diesem Seminar angemeldet und bin extra aus Hannover angereist. Es hat sich sehr gelohnt und mir auf meinem Weg zum eigenen Food-Start- up viele offenen Fragen beantwortet. Ein hochkompetentes Team an Dozenten, fairer Preis, liebevolles Rahmenprogramm und wider allen Erwartungen keine offensive &#8220;Verkaufsveranstaltung&#8221;. Vielen Dank an das my-lab Team!&#8221;<\/em><\/div>\n<p style=\"text-align: right;\"><span style=\"text-align: right;\">&#8211;\u00a0Teilnehmerin Food Startup Seminar<\/span><\/p>\n<p>&nbsp;<\/p>\n<div style=\"width: 100%; border: 2px solid; padding: 20px 10px; text-align: left;\"><em>&#8220;Ein Seminar aus der Praxis, mit vielen sofort verwendbaren Informationen.<\/em><em>&#8220;<\/em><\/div>\n<p style=\"text-align: right;\"><span style=\"text-align: right;\">&#8211;\u00a0Teilnehmer Food Startup Seminar<\/span><\/p>\n<p>&nbsp;<\/p>\n<div style=\"width: 100%; border: 2px solid; padding: 20px 10px 35px 10px;\">\n<div style=\"float: left;\"><img loading=\"lazy\" decoding=\"async\" src=\"https:\/\/my-lab.com\/wp-content\/uploads\/2018\/05\/tempeh-berlin-logo-weiss-300x150.jpg\" alt=\"\" width=\"328\" height=\"164\" class=\"alignnone  wp-image-7445\" style=\"margin-right: 30px;\" srcset=\"https:\/\/my-lab.com\/wp-content\/uploads\/2018\/05\/tempeh-berlin-logo-weiss-300x150.jpg 300w, https:\/\/my-lab.com\/wp-content\/uploads\/2018\/05\/tempeh-berlin-logo-weiss.jpg 480w\" sizes=\"(max-width: 328px) 100vw, 328px\" \/><\/div>\n<p><em><span lang=\"DE\">&#8220;Mein erster Kontakt mit MyLab International kam \u00fcber den Tipp eines jungen Start Ups in der Lebensmittelbranche. Nach einem ersten Anruf war klar, mit diesem Labor werden wir zusammenarbeiten. Unkompliziert, freundlich, kompetent und vor allen Dingen hilfsbereit. Neben den durchzuf\u00fchrenden Analysen und Tests gab es immer wieder Fragen bez\u00fcglich Lebensmittelrecht, Kennzeichnung, Haltbarkeit u.a. Wir wurden nie abgewiesen und man nahm sich die Zeit uns alles genau zu erkl\u00e4ren. Insbesondere Frau Dust, als unsere Ansprechpartnerin ist gro\u00dfartig. Zusammenfassend k\u00f6nnen wir sagen, bei MyLab gibt es zum umfassenden Service auch noch eine wirklich tolle Beratung dazu.\u201c<\/span><\/em><\/p>\n<p style=\"float: right;\">&#8211;\u00a0Frank Schlefendorf\u00a0 (peaceful delicious GmbH)<\/p>\n<\/div>\n<p>&nbsp;<\/p>\n<div style=\"width: 100%; border: 2px solid; overflow: hidden; padding: 20px 10px 5px 10px;\">\n<div style=\"float: right;\"><img loading=\"lazy\" decoding=\"async\" src=\"https:\/\/my-lab.com\/wp-content\/uploads\/2018\/05\/chaikobs.png\" alt=\"\" width=\"265\" height=\"99\" class=\"alignnone size-full wp-image-7444\" style=\"margin-left: 10px;\" \/><\/div>\n<p><em><span lang=\"DE\">&#8220;Ich war sehr zufrieden mit Euch. Service war super und die Umsetzung war unkompliziert. Da ich zum ersten Mal eine Analyse durchf\u00fchren habe lassen, habe ich nicht damit gerechnet, dass die Durchf\u00fchrung so reibungslos ablaufen w\u00fcrde. Die Ergebnisse standen mir sehr schnell zur Verf\u00fcgung und die Beratung f\u00fcr die Notwendigkeit verschiedener Kontrollen war super.\u201c<\/span><\/em><\/p>\n<div style=\"clear: both;\"><\/div>\n<p style=\"float: right;\">&#8211;\u00a0Jakob \u00dcbelherr (CHAIKOB\u00b4S \u2013 Jakobs Masala Chai)<\/p>\n<\/div>\n<p>&nbsp;<\/p>\n<div style=\"width: 100%; border: 2px solid; padding: 20px 10px 20px 10px;\">\n<p><em><span lang=\"DE\">&#8220;Frau Dust hat mich in Sachen Lebensmittelkennzeichnung f\u00fcr ein aktuelles Projekt hervorragend beraten. Ich sch\u00e4tze ihre \u00e4usserst kompetente und symphatische Art wirklich sehr.\u201c<\/span><\/em><\/p>\n<div style=\"clear: both;\"><\/div>\n<p style=\"float: right;\">&#8211;\u00a0Simon Szameitat (Privatperson)<\/p>\n<\/div>\n<p>&nbsp;<\/p>\n<div style=\"width: 100%; border: 2px solid; padding: 20px 10px 20px 10px;\">\n<p><em><span lang=\"DE\">&#8220;Wenn ich auch nicht gl\u00fccklich \u00fcber das Ergebnis war, bin ich doch mit Ihrer schnellen und fachlich einwandfreien Untersuchung hochzufrieden.<br \/>Durch Ihre freundlichen Ausk\u00fcnfte haben Sie mich ein ganzes St\u00fcck vorw\u00e4rts gebracht, wenn auch durch gesetzliche Einschr\u00e4nkungen nicht das letzte R\u00e4tsel f\u00fcr mich gel\u00fcftet werden konnte.\u201c<\/span><\/em><\/p>\n<div style=\"clear: both;\"><\/div>\n<p style=\"float: right;\">&#8211;\u00a0anonyme Privatperson<\/p>\n<\/div>\n<p>&nbsp;<\/p>\n<div style=\"width: 100%; border: 2px solid; padding: 20px 10px 20px 10px;\">\n<p><em><span lang=\"DE\">&#8220;Liebe Frau Dust,<br \/>vielen Dank f\u00fcr die au\u00dferordentlich gute und pers\u00f6nliche Beratung und Betreuung.<br \/>Wir haben Bodenproben auf Schwermetalle und PAK (Polyzyklische Aromatische Kohlenwasserstoffe) untersuchen lassen. Wir haben diese Untesuchung hinsichtlich der Kaufoption auf ein verwildertes und unbebautes Grundst\u00fcck vornehmen lassen. Die Ergebnisse der Untersuchung haben uns vor einer Fehlentscheidung bewahrt. Vielen Dank!\u201c<\/span><\/em><\/p>\n<div style=\"clear: both;\"><\/div>\n<p style=\"float: right;\">&#8211;\u00a0anonyme Privatperson<\/p>\n<\/div>\n<hr \/>\n<p>&nbsp;<\/p>\n<p>Diese Seite befindet sich noch im Aufbau und wird regelm\u00e4\u00dfig erweitert.<\/p>\n<div class=\"shariff shariff-align-flex-start shariff-widget-align-flex-start\" data-services=\"facebook\" data-url=\"https%3A%2F%2Fmy-lab.com%2Fen%2Ferfahrungen-kundenstimmen%2F\" data-timestamp=\"1556207854\" data-hidezero=\"1\" data-backendurl=\"https:\/\/my-lab.com\/en\/wp-json\/shariff\/v1\/share_counts?\"><ul class=\"shariff-buttons theme-color orientation-horizontal buttonsize-medium\"><li class=\"shariff-button linkedin shariff-nocustomcolor\" style=\"background-color:#1488bf\"><a href=\"https:\/\/www.linkedin.com\/shareArticle?mini=true&url=https%3A%2F%2Fmy-lab.com%2Fen%2Ferfahrungen-kundenstimmen%2F&title=Kundenstimmen\" title=\"Share on LinkedIn\" aria-label=\"Share on LinkedIn\" role=\"button\" rel=\"noopener nofollow\" class=\"shariff-link\" style=\"; background-color:#0077b5; color:#fff\" target=\"_blank\"><span class=\"shariff-icon\" style=\"\"><svg width=\"32px\" height=\"20px\" xmlns=\"http:\/\/www.w3.org\/2000\/svg\" viewBox=\"0 0 27 32\"><path fill=\"#0077b5\" d=\"M6.2 11.2v17.7h-5.9v-17.7h5.9zM6.6 5.7q0 1.3-0.9 2.2t-2.4 0.9h0q-1.5 0-2.4-0.9t-0.9-2.2 0.9-2.2 2.4-0.9 2.4 0.9 0.9 2.2zM27.4 18.7v10.1h-5.9v-9.5q0-1.9-0.7-2.9t-2.3-1.1q-1.1 0-1.9 0.6t-1.2 1.5q-0.2 0.5-0.2 1.4v9.9h-5.9q0-7.1 0-11.6t0-5.3l0-0.9h5.9v2.6h0q0.4-0.6 0.7-1t1-0.9 1.6-0.8 2-0.3q3 0 4.9 2t1.9 6z\"\/><\/svg><\/span><span class=\"shariff-text\">share<\/span>&nbsp;<\/a><\/li><li class=\"shariff-button facebook shariff-nocustomcolor\" style=\"background-color:#4273c8\"><a href=\"https:\/\/www.facebook.com\/sharer\/sharer.php?u=https%3A%2F%2Fmy-lab.com%2Fen%2Ferfahrungen-kundenstimmen%2F\" title=\"Share on Facebook\" aria-label=\"Share on Facebook\" role=\"button\" rel=\"nofollow\" class=\"shariff-link\" style=\"; background-color:#3b5998; color:#fff\" target=\"_blank\"><span class=\"shariff-icon\" style=\"\"><svg width=\"32px\" height=\"20px\" xmlns=\"http:\/\/www.w3.org\/2000\/svg\" viewBox=\"0 0 18 32\"><path fill=\"#3b5998\" d=\"M17.1 0.2v4.7h-2.8q-1.5 0-2.1 0.6t-0.5 1.9v3.4h5.2l-0.7 5.3h-4.5v13.6h-5.5v-13.6h-4.5v-5.3h4.5v-3.9q0-3.3 1.9-5.2t5-1.8q2.6 0 4.1 0.2z\"\/><\/svg><\/span><span class=\"shariff-text\">share<\/span>&nbsp;<span data-service=\"facebook\" style=\"color:#3b5998\" class=\"shariff-count shariff-hidezero\"><\/span>&nbsp;<\/a><\/li><li class=\"shariff-button xing shariff-nocustomcolor\" style=\"background-color:#29888a\"><a href=\"https:\/\/www.xing.com\/spi\/shares\/new?url=https%3A%2F%2Fmy-lab.com%2Fen%2Ferfahrungen-kundenstimmen%2F\" title=\"Share on XING\" aria-label=\"Share on XING\" role=\"button\" rel=\"noopener nofollow\" class=\"shariff-link\" style=\"; background-color:#126567; color:#fff\" target=\"_blank\"><span class=\"shariff-icon\" style=\"\"><svg width=\"32px\" height=\"20px\" xmlns=\"http:\/\/www.w3.org\/2000\/svg\" viewBox=\"0 0 25 32\"><path fill=\"#126567\" d=\"M10.7 11.9q-0.2 0.3-4.6 8.2-0.5 0.8-1.2 0.8h-4.3q-0.4 0-0.5-0.3t0-0.6l4.5-8q0 0 0 0l-2.9-5q-0.2-0.4 0-0.7 0.2-0.3 0.5-0.3h4.3q0.7 0 1.2 0.8zM25.1 0.4q0.2 0.3 0 0.7l-9.4 16.7 6 11q0.2 0.4 0 0.6-0.2 0.3-0.6 0.3h-4.3q-0.7 0-1.2-0.8l-6-11.1q0.3-0.6 9.5-16.8 0.4-0.8 1.2-0.8h4.3q0.4 0 0.5 0.3z\"\/><\/svg><\/span><span class=\"shariff-text\">share<\/span>&nbsp;<\/a><\/li><\/ul><\/div>","protected":false},"excerpt":{"rendered":"<p>my-lab International bietet seit Oktober 2016 seine Dienste f\u00fcr gesch\u00e4ftliche, ebenso wie f\u00fcr private Kunden an. Die Kundenzufriedenheit steht bei uns an oberster Stelle. Auf dieser Seite finden Sie die Bewertungen unserer Kunden: &#8220;Ich habe bei my-lab eine Analyse einer Probe auf Proteingehalt durchf\u00fchren lassen. Das Thema war f\u00fcr mich komplett neu. Umso begeisterter war [&hellip;]<\/p>\n","protected":false},"author":4,"featured_media":0,"parent":0,"menu_order":0,"comment_status":"closed","ping_status":"closed","template":"","meta":{"_monsterinsights_skip_tracking":false,"_monsterinsights_sitenote_active":false,"_monsterinsights_sitenote_note":"","_monsterinsights_sitenote_category":0,"_uf_show_specific_survey":0,"_uf_disable_surveys":false,"footnotes":""},"class_list":["post-7441","page","type-page","status-publish","hentry"],"translation":{"provider":"WPGlobus","version":"3.0.1","language":"en","enabled_languages":["de","en"],"languages":{"de":{"title":true,"content":true,"excerpt":false},"en":{"title":false,"content":false,"excerpt":false}}},"aioseo_notices":[],"_links":{"self":[{"href":"https:\/\/my-lab.com\/en\/wp-json\/wp\/v2\/pages\/7441"}],"collection":[{"href":"https:\/\/my-lab.com\/en\/wp-json\/wp\/v2\/pages"}],"about":[{"href":"https:\/\/my-lab.com\/en\/wp-json\/wp\/v2\/types\/page"}],"author":[{"embeddable":true,"href":"https:\/\/my-lab.com\/en\/wp-json\/wp\/v2\/users\/4"}],"replies":[{"embeddable":true,"href":"https:\/\/my-lab.com\/en\/wp-json\/wp\/v2\/comments?post=7441"}],"version-history":[{"count":22,"href":"https:\/\/my-lab.com\/en\/wp-json\/wp\/v2\/pages\/7441\/revisions"}],"predecessor-version":[{"id":7986,"href":"https:\/\/my-lab.com\/en\/wp-json\/wp\/v2\/pages\/7441\/revisions\/7986"}],"wp:attachment":[{"href":"https:\/\/my-lab.com\/en\/wp-json\/wp\/v2\/media?parent=7441"}],"curies":[{"name":"wp","href":"https:\/\/api.w.org\/{rel}","templated":true}]}}